{"id":12763,"date":"2017-08-22T15:09:18","date_gmt":"2017-08-22T08:09:18","guid":{"rendered":"https:\/\/daiphunnuoc.com.vn\/san-pham\/uncategorized\/man-nuoc-flash-wall-2880\/"},"modified":"2017-08-22T15:09:18","modified_gmt":"2017-08-22T08:09:18","slug":"man-nuoc-flash-wall-2880","status":"publish","type":"product","link":"https:\/\/daiphunnuoc.com.vn\/en\/san-pham\/fountains-lakes\/nozzles\/controllable-nozzles\/man-nuoc-flash-wall-2880\/","title":{"rendered":"M\u00e0n n\u01b0\u1edbc Flash Wall 2880"},"content":{"rendered":"<p style=\"text-align: justify;\">L\u00e0 m\u1ed9t trong nh\u1eefng y\u1ebfu t\u1ed1 s\u1ed1ng \u0111\u1ed9ng v\u00e0 h\u1ea5p d\u1eabn, phong c\u00e1ch m\u00e0n n\u01b0\u1edbc th\u00edch h\u1ee3p s\u1eed d\u1ee5ng cho khu v\u1ef1c c\u00f4ng c\u1ed9ng, nh\u01b0 l\u00e0 trung t\u00e2m mua s\u1eafm, v\u0103n ph\u00f2ng ph\u1ee9c h\u1ee3p v\u00e0 c\u00f4ng vi\u00ean gi\u1ea3i tr\u00ed. S\u1ef1 s\u1eafp x\u1ebfp \u0111\u1ed9c \u0111\u00e1o c\u1ee7a v\u00f2i phun n\u00e0y cho ph\u00e9p c\u00f3 m\u1ed9t l\u1edbp n\u01b0\u1edbc c\u1ef1c k\u00ec d\u00e0y, \u0111\u1ea3m b\u1ea3o kh\u1ea3 n\u0103ng hi\u1ec3n th\u1ecb r\u00f5 r\u00e0ng.<\/p>\n<p style=\"text-align: justify;\">M\u00e0n n\u01b0\u1edbc n\u00e0y t\u1ea1o ra c\u00e1c h\u00ecnh h\u1ecda, thi\u1ebft k\u1ebf, nh\u00e2n v\u1eadt,\u2026 n\u00f3 c\u00f3 th\u1ec3 \u0111\u01b0\u1ee3c bi\u1ec3u di\u1ec5n th\u00f4ng qua vi\u1ec7c s\u1eed d\u1ee5ng c\u00f4ng ngh\u1ec7 van ph\u1ea3n \u1ee9ng nhanh (A fast reacting valve technology). Do \u0111\u00f3, OASE FlashWall cho ph\u00e9p b\u1ea1n c\u00f3 th\u1ec3 truy\u1ec1n \u0111\u1ea1t kh\u00f4ng gi\u1edbi h\u1ea1n nh\u1eefng g\u00ec m\u00ecnh mu\u1ed1n b\u1eb1ng nh\u1eefng tia n\u01b0\u1edbc.<\/p>\n<p style=\"text-align: justify;\"><b>T\u00ednh n\u0103ng s\u1ea3n ph\u1ea9m<\/b><br \/>\nH\u1ec7 th\u1ed1ng \u0111\u00e8n flash d\u1ea1ng cong \/ th\u1eb3ng (c\u00f3 th\u1ec3 l\u00e0 \u00d8 3, 4, 5, 6, 7 ho\u1eb7c 8 [m])<br \/>\nV\u00f2i phun \u0111\u01b0\u1ee3c \u0111\u00f3ng ch\u1eb7t \/ van b\u1ed1 tr\u00ed \u0111\u1ea3m b\u1ea3o cho m\u00e0n h\u00ecnh n\u01b0\u1edbc d\u00e0y \u0111\u1eb7c, \u0111\u1ed9 ph\u00e2n gi\u1ea3i cao.<br \/>\nL\u00e0 m\u1ed9t s\u1ea3n ph\u1ea9m tuy\u1ec7t v\u1eddi \u0111\u1ec3 chi\u1ebfu video v\u00e0 \u0111\u1ed3 h\u1ecda laser<br \/>\nKi\u1ec3m so\u00e1t ch\u00ednh x\u00e1c van th\u00f4ng qua b\u1ed9 \u0111i\u1ec1u khi\u1ec3n DMX\/CAN<br \/>\nHi\u1ec3n th\u1ecb v\u0103n b\u1ea3n v\u00e0 \u0111\u1ed3 h\u1ecda v\u1edbi \u0111\u1ed9 ch\u00ednh x\u00e1c cao, cho h\u00ecnh \u1ea3nh r\u00f5 r\u00e0ng b\u1eb1ng c\u00f4ng ngh\u1ec7 van ph\u1ea3n \u1ee9ng nhanh<br \/>\nT\u00f9y ch\u1ecdn chi\u1ebfu s\u00e1ng b\u1eb1ng \u0111\u00e8n LEB RGB<br \/>\nT\u00f9y ch\u1ecdn giao di\u1ec7n SMS hi\u1ec3n th\u1ecb tin nh\u1eafn c\u00e1 nh\u00e2n.<br \/>\nS\u1eed d\u1ee5ng cho n\u01b0\u1edbc ng\u1ecdt, cho ph\u00e9p t\u1ed1i \u0111a 50 \u00b5m h\u1ea1t<br \/>\nNgu\u1ed3n \u0111i\u1ec7n cung c\u1ea5p : 110-240V 50\/60 Hz<br \/>\nM\u00e1y bi\u1ebfn th\u1ebf c\u00f3 th\u1ec3 \u0111\u1eb7t \u1edf \u0111\u00e8n t\u01b0\u1eddng ho\u1eb7c trong t\u1ee7 \u0111i\u1ec1u khi\u1ec3n khu v\u1ef1c ri\u00eang, t\u00f9y thu\u1ed9c v\u00e0o \u0111i\u1ec1u ki\u1ec7n m\u00f4i tr\u01b0\u1eddng.<br \/>\n\u0110\u01b0\u1eddng k\u00ednh v\u00f2i phun 4,6 mm<br \/>\nChi\u1ec1u cao t\u1ed1i \u0111a khuy\u1ebfn ngh\u1ecb : 10m<br \/>\n\u0110\u1ecbnh h\u00ecnh ri\u00eang cho \u0111\u1ea7u ra v\u00e0 \u0111\u1ea7u v\u00e0o n\u01b0\u1edbc<\/p>\n<p style=\"text-align: justify;\"><strong>B\u1ea3o h\u00e0nh: 1 n\u0103m<\/strong><\/p>\n\n","protected":false},"excerpt":{"rendered":"<p>M\u00e3 s\u1ea3n ph\u1ea9m: 58975d<br \/>\nC\u00f4ng su\u1ea5t: 1800 W<\/p>\n","protected":false},"featured_media":9575,"comment_status":"closed","ping_status":"closed","template":"","meta":[],"product_brand":[],"product_cat":[1311],"product_tag":[1410,1421,1423,1424],"class_list":{"0":"post-12763","1":"product","2":"type-product","3":"status-publish","4":"has-post-thumbnail","6":"product_cat-controllable-nozzles","7":"product_tag-dai-phun-nuoc-en","8":"product_tag-flash-wall-en","9":"product_tag-flash-wall-2880-en","10":"product_tag-thiet-bi-phun-en","12":"first","13":"instock","14":"shipping-taxable","15":"product-type-simple"},"_links":{"self":[{"href":"https:\/\/daiphunnuoc.com.vn\/en\/wp-json\/wp\/v2\/product\/12763","targetHints":{"allow":["GET"]}}],"collection":[{"href":"https:\/\/daiphunnuoc.com.vn\/en\/wp-json\/wp\/v2\/product"}],"about":[{"href":"https:\/\/daiphunnuoc.com.vn\/en\/wp-json\/wp\/v2\/types\/product"}],"replies":[{"embeddable":true,"href":"https:\/\/daiphunnuoc.com.vn\/en\/wp-json\/wp\/v2\/comments?post=12763"}],"wp:featuredmedia":[{"embeddable":true,"href":"https:\/\/daiphunnuoc.com.vn\/en\/wp-json\/wp\/v2\/media\/9575"}],"wp:attachment":[{"href":"https:\/\/daiphunnuoc.com.vn\/en\/wp-json\/wp\/v2\/media?parent=12763"}],"wp:term":[{"taxonomy":"product_brand","embeddable":true,"href":"https:\/\/daiphunnuoc.com.vn\/en\/wp-json\/wp\/v2\/product_brand?post=12763"},{"taxonomy":"product_cat","embeddable":true,"href":"https:\/\/daiphunnuoc.com.vn\/en\/wp-json\/wp\/v2\/product_cat?post=12763"},{"taxonomy":"product_tag","embeddable":true,"href":"https:\/\/daiphunnuoc.com.vn\/en\/wp-json\/wp\/v2\/product_tag?post=12763"}],"curies":[{"name":"wp","href":"https:\/\/api.w.org\/{rel}","templated":true}]}}