{"id":12875,"date":"2017-08-23T10:10:00","date_gmt":"2017-08-23T03:10:00","guid":{"rendered":"https:\/\/daiphunnuoc.com.vn\/san-pham\/uncategorized\/dau-phun-comet-15-17-silver\/"},"modified":"2019-04-18T11:48:41","modified_gmt":"2019-04-18T04:48:41","slug":"comet-15-17-silver","status":"publish","type":"product","link":"https:\/\/daiphunnuoc.com.vn\/en\/san-pham\/fountains-lakes\/nozzles\/classic-nozzles\/comet-silver\/comet-15-17-silver\/","title":{"rendered":"Comet 15-17 Silver"},"content":{"rendered":"<p>\u0110\u1ea7u phun \u0111\u01a1n \u0111\u01b0\u1ee3c thi\u1ebft k\u1ebf v\u1edbi \u0111\u1ed9 ch\u00ednh x\u00e1c cao, phun ho\u00e0n to\u00e0n \u1ed5n \u0111\u1ecbnh tr\u01b0\u1edbc gi\u00f3. \u0110i\u1ec3m m\u1edbi l\u00e0 \u1ed1ng k\u00ednh b\u1ea1c c\u1ee7a \u0111\u1ea7u phun comet v\u1edbi \u0111\u1ed3ng thau m\u1ea1 k\u1ebdm v\u00e0 niken.<\/p>\n<p>V\u00f2i phun comet 10-12 Silver v\u00e0 v\u00f2i phun comet 10-14 Silver l\u00e0 s\u1ef1 k\u1ebft h\u1ee3p l\u00fd t\u01b0\u1edfng v\u1edbi \u0110\u00e8n ProfiPlane LED 320 \/ DMX \/ 02 v\u00e0 \u0111\u00e8n ProfiRing LED 320 \/ DMX \/ 02 (xem trang 128-131).<\/p>\n<h2><b>T\u00ednh n\u0103ng s\u1ea3n ph\u1ea9m<\/b><\/h2>\n<p>V\u00f2i phun \u0111\u01a1n c\u00f3 k\u00edch c\u1ee1\u00a0v\u1eeba v\u00e0 nh\u1ecf<br \/>\n\u0110\u1ed9 cao c\u1ee7a \u0111\u1ea7u phun t\u1eeb\u00a00.50 m t\u1edbi 12.00 m<br \/>\n\u0110\u1ea7u phun phun ho\u00e0n to\u00e0n \u1ed5n \u0111\u1ecbnh tr\u01b0\u1edbc gi\u00f3.<br \/>\nM\u1eb7t c\u1ea7u xoay g\u00f3c 15\u00b0<br \/>\nC\u1ea5p n\u01b0\u1edbc m\u1ed9t c\u00e1ch \u0111\u1ed9c l\u1eadp.<br \/>\nB\u1ed9 \u0111i\u1ec1u khi\u1ec3n d\u00f2ng ch\u1ea3y<br \/>\nM\u1ea1 Cr\u00f4m v\u00e0 niken m\u1ea1 k\u1ebdm c\u00f3 \u0111\u1ed9 b\u1ec1n ch\u1eb7t cao.<br \/>\nThi\u1ebft k\u1ebf \u0111a d\u1ea1ng m\u1edf r\u1ed9ng\u00a0:\u00a0nh\u01b0 l\u00e0 v\u00f2i phun \u0111\u01a1n ho\u1eb7c theo nh\u00f3m.<\/p>\n<h2>\u0110\u1ea7u phun n\u01b0\u1edbc ngh\u1ec7 thu\u1eadt<\/h2>\n<p>\u0110\u1ea7u v\u00f2i phun n\u01b0\u1edbc \u0111\u01b0\u1ee3c thi\u1ebft k\u1ebf \u0111a d\u1ea1ng, nhi\u1ec1u m\u1eabu m\u00e3 v\u1edbi nh\u1eefng k\u00edch th\u01b0\u1edbc kh\u00e1c nhau gi\u00fap ng\u01b0\u1eddi d\u00f9ng ti\u1ebfp c\u1eadn v\u00e0 h\u00e0i l\u00f2ng v\u1edbi b\u1ea5t c\u1ee9 s\u1ea3n ph\u1ea9m n\u00e0o. T\u1ea1i Vi\u1ec7t Nam, h\u00ecnh \u1ea3nh <a href=\"https:\/\/daiphunnuoc.com.vn\/\">\u0111\u00e0i phun n\u01b0\u1edbc<\/a> th\u01b0\u1eddng xu\u1ea5t hi\u1ec7n \u1edf c\u00e1c trung t\u00e2m c\u00f4ng c\u1ed9ng; hay nh\u1eefng khu vui ch\u01a1i gi\u1ea3i tr\u00ed \u0111\u00f4ng ng\u01b0\u1eddi nh\u01b0 c\u00f4ng vi\u00ean, resort,&#8230; B\u00ean c\u1ea1nh \u0111\u00f3, v\u1edbi m\u1ee5c \u0111\u00edch mang \u0111\u00e0i phun n\u01b0\u1edbc \u0111\u1ebfn g\u1ea7n kh\u00e1ch h\u00e0ng h\u01a1n, \u0111\u00e0i phun n\u01b0\u1edbc cho s\u00e2n v\u01b0\u1eddn ti\u1ec3u c\u1ea3nh \u0111\u01b0\u1ee3c thi\u1ebft k\u1ebf \u0111\u1ec3 \u0111\u00e1p \u1ee9ng nhu c\u1ea7u mang s\u1ea3n ph\u1ea9m n\u00e0y v\u1ec1 \u0111\u1ebfn s\u00e2n v\u01b0\u1eddn gia \u0111\u00ecnh.<\/p>\n<p>Viet Garden l\u00e0 c\u00f4ng ty cung c\u1ea5p <a href=\"https:\/\/daiphunnuoc.com.vn\/\">thi\u1ebft b\u1ecb \u0111\u00e0i phun n\u01b0\u1edbc<\/a> ch\u00ednh h\u00e3ng t\u1eeb nh\u00e0 s\u1ea3n xu\u1ea5t h\u00e0ng \u0111\u1ea7u c\u1ee7a \u0110\u1ee9c &#8211; OASE v\u1edbi thi\u1ebft k\u1ebf hi\u1ec7n \u0111\u1ea1i, phong ph\u00fa; v\u00e0 mang l\u1ea1i nh\u1eefng tr\u1ea3i nghi\u1ec7m th\u00fa v\u1ecb cho ng\u01b0\u1eddi d\u00f9ng. V\u1edbi \u0111\u1ed9i ng\u0169 nh\u00e2n vi\u00ean nhi\u1ec7t t\u00ecnh; c\u00f3 t\u00e2m v\u00e0 c\u00f3 kinh nghi\u1ec7m trong l\u0129nh v\u1ef1c; nh\u1eefng s\u1ef1 l\u1ef1a ch\u1ecdn hay thi\u1ebft k\u1ebf h\u1ec7 th\u1ed1ng \u0111\u00e0i phun n\u01b0\u1edbc \u0111\u1ec1u c\u00f3 th\u1ec3 \u0111\u01b0\u1ee3c \u0111\u00e1p \u1ee9ng \u1edf Viet Garden.<\/p>\n<p><strong>B\u1ea3o h\u00e0nh: 2 n\u0103m<\/strong><\/p>\n\n","protected":false},"excerpt":{"rendered":"<p>M\u00e3 s\u1ea3n ph\u1ea9m: 50724<br \/>\nK\u00edch th\u01b0\u1edbc: 63 \u00d8mm x 152 Hmm<\/p>\n","protected":false},"featured_media":9628,"comment_status":"closed","ping_status":"closed","template":"","meta":[],"product_brand":[],"product_cat":[1315],"product_tag":[1428,1538,1527,1429],"class_list":{"0":"post-12875","1":"product","2":"type-product","3":"status-publish","4":"has-post-thumbnail","6":"product_cat-comet-silver","7":"product_tag-comet-en","8":"product_tag-comet-15-17-silver-en","9":"product_tag-comet-fountain-en","10":"product_tag-dau-phun-comet-en","12":"first","13":"instock","14":"shipping-taxable","15":"product-type-simple"},"_links":{"self":[{"href":"https:\/\/daiphunnuoc.com.vn\/en\/wp-json\/wp\/v2\/product\/12875","targetHints":{"allow":["GET"]}}],"collection":[{"href":"https:\/\/daiphunnuoc.com.vn\/en\/wp-json\/wp\/v2\/product"}],"about":[{"href":"https:\/\/daiphunnuoc.com.vn\/en\/wp-json\/wp\/v2\/types\/product"}],"replies":[{"embeddable":true,"href":"https:\/\/daiphunnuoc.com.vn\/en\/wp-json\/wp\/v2\/comments?post=12875"}],"wp:featuredmedia":[{"embeddable":true,"href":"https:\/\/daiphunnuoc.com.vn\/en\/wp-json\/wp\/v2\/media\/9628"}],"wp:attachment":[{"href":"https:\/\/daiphunnuoc.com.vn\/en\/wp-json\/wp\/v2\/media?parent=12875"}],"wp:term":[{"taxonomy":"product_brand","embeddable":true,"href":"https:\/\/daiphunnuoc.com.vn\/en\/wp-json\/wp\/v2\/product_brand?post=12875"},{"taxonomy":"product_cat","embeddable":true,"href":"https:\/\/daiphunnuoc.com.vn\/en\/wp-json\/wp\/v2\/product_cat?post=12875"},{"taxonomy":"product_tag","embeddable":true,"href":"https:\/\/daiphunnuoc.com.vn\/en\/wp-json\/wp\/v2\/product_tag?post=12875"}],"curies":[{"name":"wp","href":"https:\/\/api.w.org\/{rel}","templated":true}]}}