{"id":13029,"date":"2019-03-14T08:46:37","date_gmt":"2019-03-14T01:46:37","guid":{"rendered":"https:\/\/daiphunnuoc.com.vn\/san-pham\/uncategorized\/nguon-cap-am-nuoc-250-24-v-01-2\/"},"modified":"2019-10-04T15:57:52","modified_gmt":"2019-10-04T08:57:52","slug":"nguon-cap-am-nuoc-250-24-v-01-2","status":"publish","type":"product","link":"https:\/\/daiphunnuoc.com.vn\/en\/san-pham\/fountains-lakes\/power-management\/power-supplies-24-v\/nguon-cap-am-nuoc-250-24-v-01-2\/","title":{"rendered":"Underwater power supply 250 \/ 24 V \/01"},"content":{"rendered":"<p><strong>T\u00ednh n\u0103ng s\u1ea3n ph\u1ea9m<\/strong><br \/>\nB\u1ed9 ngu\u1ed3n \u0111i\u1ec7n \u00e2m n\u01b0\u1edbc 24 V DC<br \/>\nG\u1eafn v\u1edbi 4 \u1ed1c v\u00edt<br \/>\n\u1ed4 c\u1eafm OASE 4 x 24 V DC<br \/>\nC\u1ea5p b\u1ea3o v\u1ec7 IP 68<br \/>\nNgu\u1ed3n c\u1ea5p \u0111i\u1ec7n \u00e2m n\u01b0\u1edbc 24V DC v\u1edbi hi\u1ec7u su\u1ea5t cao v\u00e0 l\u1eafp \u0111\u1eb7t \u0111\u01a1n gi\u1ea3n<br \/>\nB\u1ed9 ch\u1ed1ng th\u1ea5m v\u1edbi 4 c\u1ed5ng (IP 68)<br \/>\nM\u1edbi: \u0110\u0103ng k\u00fd l\u1ea7n \u0111\u1ea7u ti\u00ean \u1edf Hoa K\u1ef3 v\u1ec1 s\u1ea3n ph\u1ea9m cung c\u1ea5p ngu\u1ed3n \u0111i\u1ec7n \u00e2m n\u01b0\u1edbc \u0111\u1ec3 s\u1eed d\u1ee5ng l\u00e2u d\u00e0i<\/p>\n<p><strong>B\u1ea3o h\u00e0nh: 1 n\u0103m<\/strong><\/p>\n\n","protected":false},"excerpt":{"rendered":"<p>Order no.: 50733 Dimensions:\u00a0260Lx162Wx77H mm<\/p>\n","protected":false},"featured_media":6247,"comment_status":"closed","ping_status":"closed","template":"","meta":[],"product_brand":[],"product_cat":[1375],"product_tag":[1592,1456,1403,1404],"class_list":{"0":"post-13029","1":"product","2":"type-product","3":"status-publish","4":"has-post-thumbnail","6":"product_cat-power-supplies-24-v","7":"product_tag-nguon-cap-en","8":"product_tag-phu-kien-dai-phun-nuoc-en","9":"product_tag-underwater-power","10":"product_tag-underwater-power-supply-250","12":"first","13":"instock","14":"shipping-taxable","15":"product-type-simple"},"_links":{"self":[{"href":"https:\/\/daiphunnuoc.com.vn\/en\/wp-json\/wp\/v2\/product\/13029","targetHints":{"allow":["GET"]}}],"collection":[{"href":"https:\/\/daiphunnuoc.com.vn\/en\/wp-json\/wp\/v2\/product"}],"about":[{"href":"https:\/\/daiphunnuoc.com.vn\/en\/wp-json\/wp\/v2\/types\/product"}],"replies":[{"embeddable":true,"href":"https:\/\/daiphunnuoc.com.vn\/en\/wp-json\/wp\/v2\/comments?post=13029"}],"wp:featuredmedia":[{"embeddable":true,"href":"https:\/\/daiphunnuoc.com.vn\/en\/wp-json\/wp\/v2\/media\/6247"}],"wp:attachment":[{"href":"https:\/\/daiphunnuoc.com.vn\/en\/wp-json\/wp\/v2\/media?parent=13029"}],"wp:term":[{"taxonomy":"product_brand","embeddable":true,"href":"https:\/\/daiphunnuoc.com.vn\/en\/wp-json\/wp\/v2\/product_brand?post=13029"},{"taxonomy":"product_cat","embeddable":true,"href":"https:\/\/daiphunnuoc.com.vn\/en\/wp-json\/wp\/v2\/product_cat?post=13029"},{"taxonomy":"product_tag","embeddable":true,"href":"https:\/\/daiphunnuoc.com.vn\/en\/wp-json\/wp\/v2\/product_tag?post=13029"}],"curies":[{"name":"wp","href":"https:\/\/api.w.org\/{rel}","templated":true}]}}