{"id":13223,"date":"2019-03-13T11:11:14","date_gmt":"2019-03-13T04:11:14","guid":{"rendered":"https:\/\/daiphunnuoc.com.vn\/san-pham\/uncategorized\/dien-cuc-bo-sung-2000-1\/"},"modified":"2019-10-04T15:09:25","modified_gmt":"2019-10-04T08:09:25","slug":"supplemental-electrode-2000-1","status":"publish","type":"product","link":"https:\/\/daiphunnuoc.com.vn\/en\/san-pham\/fountains-lakes\/power-management\/water-level-sensors\/supplemental-electrode-2000-1\/","title":{"rendered":"Supplemental electrode 2000-1"},"content":{"rendered":"<p>C\u00e1c c\u1ea3m bi\u1ebfn c\u1ea5p n\u01b0\u1edbc OASE \u0111\u1ea3m b\u1ea3o ki\u1ec3m so\u00e1t \u0111\u00e1ng tin c\u1eady m\u1ef1c n\u01b0\u1edbc v\u00e0 do \u0111\u00f3 ng\u0103n kh\u00f4ng cho h\u1ed3 b\u01a1i tr\u00e0n ra. B\u1ed9 c\u1ea3m bi\u1ebfn m\u1ee9c n\u01b0\u1edbc 2000-3 \/ 5 \u0111\u01b0\u1ee3c thi\u1ebft k\u1ebf cho s\u1ef1 kh\u00e1c bi\u1ec7t l\u1edbn h\u01a1n \u1edf kho\u1ea3ng 50 \u0111\u1ebfn 2000 mm, ch\u1eb3ng h\u1ea1n nh\u01b0 x\u1ea3y ra trong h\u1ed3 ch\u1ee9a n\u01b0\u1edbc.<\/p>\n<p><b>T\u00ednh n\u0103ng s\u1ea3n ph\u1ea9m<\/b><br \/>\n\u0110\u1ed1i v\u1edbi th\u1ee9c \u0103n t\u1ef1 \u0111\u1ed9ng v\u00e0 th\u1ee9c \u0103n gia s\u00fac t\u1eeb th\u1ee9c \u0103n n\u01b0\u1edbc ng\u1ecdt n\u1ebfu m\u1ef1c n\u01b0\u1edbc gi\u1ea3m xu\u1ed1ng<br \/>\nV\u1edbi ch\u1ee9c n\u0103ng b\u1ea3o v\u1ec7 kh\u00f4 v\u00e0 b\u00e1o \u0111\u1ed9ng<br \/>\nGi\u1ea3m m\u1ee9c n\u01b0\u1edbc kh\u00e1c nhau<br \/>\nC\u00f4ng ngh\u1ec7 m\u1ea1nh m\u1ebd v\u00e0 \u0111\u00e1ng tin c\u1eady<br \/>\nHo\u1ea1t \u0111\u1ed9ng an to\u00e0n<\/p>\n<p><strong>B\u1ea3o h\u00e0nh: 2&nbsp;n\u0103m<\/strong><\/p>\n\n","protected":false},"excerpt":{"rendered":"<p>Order no.: 55843 Dimensions: 150Lx125Wx75H (mm)<\/p>\n","protected":false},"featured_media":5690,"comment_status":"closed","ping_status":"closed","template":"","meta":[],"product_brand":[],"product_cat":[1370],"product_tag":[1652,1654,1647],"class_list":{"0":"post-13223","1":"product","2":"type-product","3":"status-publish","4":"has-post-thumbnail","6":"product_cat-water-level-sensors","7":"product_tag-phu-dien-dau-phun-en","8":"product_tag-supplemental-electrode","9":"product_tag-thiet-bi-cam-bien-en","11":"first","12":"instock","13":"shipping-taxable","14":"product-type-simple"},"_links":{"self":[{"href":"https:\/\/daiphunnuoc.com.vn\/en\/wp-json\/wp\/v2\/product\/13223","targetHints":{"allow":["GET"]}}],"collection":[{"href":"https:\/\/daiphunnuoc.com.vn\/en\/wp-json\/wp\/v2\/product"}],"about":[{"href":"https:\/\/daiphunnuoc.com.vn\/en\/wp-json\/wp\/v2\/types\/product"}],"replies":[{"embeddable":true,"href":"https:\/\/daiphunnuoc.com.vn\/en\/wp-json\/wp\/v2\/comments?post=13223"}],"wp:featuredmedia":[{"embeddable":true,"href":"https:\/\/daiphunnuoc.com.vn\/en\/wp-json\/wp\/v2\/media\/5690"}],"wp:attachment":[{"href":"https:\/\/daiphunnuoc.com.vn\/en\/wp-json\/wp\/v2\/media?parent=13223"}],"wp:term":[{"taxonomy":"product_brand","embeddable":true,"href":"https:\/\/daiphunnuoc.com.vn\/en\/wp-json\/wp\/v2\/product_brand?post=13223"},{"taxonomy":"product_cat","embeddable":true,"href":"https:\/\/daiphunnuoc.com.vn\/en\/wp-json\/wp\/v2\/product_cat?post=13223"},{"taxonomy":"product_tag","embeddable":true,"href":"https:\/\/daiphunnuoc.com.vn\/en\/wp-json\/wp\/v2\/product_tag?post=13223"}],"curies":[{"name":"wp","href":"https:\/\/api.w.org\/{rel}","templated":true}]}}