{"id":13909,"date":"2019-03-20T16:49:48","date_gmt":"2019-03-20T09:49:48","guid":{"rendered":"https:\/\/daiphunnuoc.com.vn\/san-pham\/uncategorized\/bo-loc-ho-ca-co-ap-filtoclear-set-20000\/"},"modified":"2020-08-22T09:54:58","modified_gmt":"2020-08-22T02:54:58","slug":"bo-loc-ho-ca-co-ap-filtoclear-set-20000","status":"publish","type":"product","link":"https:\/\/daiphunnuoc.com.vn\/en\/san-pham\/water-gardens\/filters-uvc-aeration\/bo-loc-ho-ca-co-ap-luc-en\/bo-loc-ho-ca-co-ap-filtoclear-set-20000\/","title":{"rendered":"B\u1ed9 l\u1ecdc h\u1ed3 c\u00e1 c\u00f3 \u00e1p FiltoClear Set 20000"},"content":{"rendered":"<p><strong>Product characteristics<\/strong><br \/>\nIncluding OASE Clear Water Guarantee<br \/>\nFilter technology simply selected and ready for connection<br \/>\nComplete set includes: FiltoClear pressure filter incl. UVC clarifier and matching AquaMax Eco \u2013 Premium filter and watercourse pump<br \/>\nFiltoClear: High filtration capacity in a small space with patented cleaning function<br \/>\nAquaMax Eco Premium: Extremely energy efficient displacement<br \/>\nIdeal for supplying higher elevated watercourses and architectural pools<br \/>\nIntegrated in the natural environment, thanks to possibility of in ground installation and the sandstone \u2013\u00a0look of the cover<\/p>\n<p><strong>Warranty: 1 year<\/strong><\/p>\n\n","protected":false},"excerpt":{"rendered":"<p>Order no.: 50877<\/p>\n","protected":false},"featured_media":8343,"comment_status":"closed","ping_status":"closed","template":"","meta":[],"product_brand":[],"product_cat":[1974],"product_tag":[1975,1976,1979,1874],"class_list":{"0":"post-13909","1":"product","2":"type-product","3":"status-publish","4":"has-post-thumbnail","6":"product_cat-bo-loc-ho-ca-co-ap-luc-en","7":"product_tag-bo-loc-ho-en","8":"product_tag-filtoclear-en","9":"product_tag-filtoclear-set-en","10":"product_tag-loc-ho-ca-en","12":"first","13":"instock","14":"shipping-taxable","15":"product-type-simple"},"_links":{"self":[{"href":"https:\/\/daiphunnuoc.com.vn\/en\/wp-json\/wp\/v2\/product\/13909","targetHints":{"allow":["GET"]}}],"collection":[{"href":"https:\/\/daiphunnuoc.com.vn\/en\/wp-json\/wp\/v2\/product"}],"about":[{"href":"https:\/\/daiphunnuoc.com.vn\/en\/wp-json\/wp\/v2\/types\/product"}],"replies":[{"embeddable":true,"href":"https:\/\/daiphunnuoc.com.vn\/en\/wp-json\/wp\/v2\/comments?post=13909"}],"wp:featuredmedia":[{"embeddable":true,"href":"https:\/\/daiphunnuoc.com.vn\/en\/wp-json\/wp\/v2\/media\/8343"}],"wp:attachment":[{"href":"https:\/\/daiphunnuoc.com.vn\/en\/wp-json\/wp\/v2\/media?parent=13909"}],"wp:term":[{"taxonomy":"product_brand","embeddable":true,"href":"https:\/\/daiphunnuoc.com.vn\/en\/wp-json\/wp\/v2\/product_brand?post=13909"},{"taxonomy":"product_cat","embeddable":true,"href":"https:\/\/daiphunnuoc.com.vn\/en\/wp-json\/wp\/v2\/product_cat?post=13909"},{"taxonomy":"product_tag","embeddable":true,"href":"https:\/\/daiphunnuoc.com.vn\/en\/wp-json\/wp\/v2\/product_tag?post=13909"}],"curies":[{"name":"wp","href":"https:\/\/api.w.org\/{rel}","templated":true}]}}