{"id":14271,"date":"2019-03-15T11:51:02","date_gmt":"2019-03-15T04:51:02","guid":{"rendered":"https:\/\/daiphunnuoc.com.vn\/san-pham\/uncategorized\/alfafol-olive-green-special-dimensions\/"},"modified":"2019-04-19T11:25:56","modified_gmt":"2019-04-19T04:25:56","slug":"alfafol-olive-green-special-dimensions","status":"publish","type":"product","link":"https:\/\/daiphunnuoc.com.vn\/en\/san-pham\/lot-ao-pvc-en\/alfafol-olive-green-special-dimensions\/","title":{"rendered":"AlfaFol olive green special dimensions"},"content":{"rendered":"<p><strong>T\u00ednh n\u0103ng s\u1ea3n ph\u1ea9m<\/strong><br \/>\nThi\u1ebft b\u1ecb linh ho\u1ea1t, do \u0111\u00f3 d\u1ec5 d\u00e0ng \u0111\u1ec3 x\u1eed l\u00fd nhanh<br \/>\nL\u00e0 m\u1ed9t l\u1edbp m\u1ecfng , m\u00e0u \u0111en<br \/>\nC\u00f3 kh\u1ea3 n\u0103ng ch\u1ed1ng tia c\u1ef1c t\u00edm<br \/>\nCh\u1ed1ng m\u1ed1i h\u00e0n<br \/>\nCh\u1ed1ng rung<br \/>\nCh\u1ed1ng ch\u1ecbu nhi\u1ec7t theo DIN 53361<br \/>\nT\u01b0\u01a1ng th\u00edch v\u1edbi c\u00e1<br \/>\nT\u00e1i sinh v\u00e0 kh\u00f4ng c\u00f3 cadmium PVC<br \/>\nB\u1ea3o \u0111\u1ea3m t\u00e1i ch\u1ebf v\u00e0 x\u1eed l\u00fd chuy\u00ean d\u1ee5ng<br \/>\nTh\u01b0\u1edbc d\u00e2y t\u00edch h\u1ee3p<br \/>\nCh\u1ea5t li\u1ec7u: PVC<\/p>\n<p><strong>B\u1ea3o h\u00e0nh : 2 n\u0103m<\/strong><\/p>\n\n","protected":false},"excerpt":{"rendered":"<p>Order no.:\u00a036913<br \/>\nThickness: 1 mm<\/p>\n","protected":false},"featured_media":7007,"comment_status":"closed","ping_status":"closed","template":"","meta":[],"product_brand":[],"product_cat":[2037],"product_tag":[2039,1932,1933],"class_list":{"0":"post-14271","1":"product","2":"type-product","3":"status-publish","4":"has-post-thumbnail","6":"product_cat-lot-ao-pvc-en","7":"product_tag-alfafol-olive-green-en","8":"product_tag-fleece-liner-en","9":"product_tag-pond-construction-and-landscaping-en","11":"first","12":"instock","13":"shipping-taxable","14":"product-type-simple"},"_links":{"self":[{"href":"https:\/\/daiphunnuoc.com.vn\/en\/wp-json\/wp\/v2\/product\/14271","targetHints":{"allow":["GET"]}}],"collection":[{"href":"https:\/\/daiphunnuoc.com.vn\/en\/wp-json\/wp\/v2\/product"}],"about":[{"href":"https:\/\/daiphunnuoc.com.vn\/en\/wp-json\/wp\/v2\/types\/product"}],"replies":[{"embeddable":true,"href":"https:\/\/daiphunnuoc.com.vn\/en\/wp-json\/wp\/v2\/comments?post=14271"}],"wp:featuredmedia":[{"embeddable":true,"href":"https:\/\/daiphunnuoc.com.vn\/en\/wp-json\/wp\/v2\/media\/7007"}],"wp:attachment":[{"href":"https:\/\/daiphunnuoc.com.vn\/en\/wp-json\/wp\/v2\/media?parent=14271"}],"wp:term":[{"taxonomy":"product_brand","embeddable":true,"href":"https:\/\/daiphunnuoc.com.vn\/en\/wp-json\/wp\/v2\/product_brand?post=14271"},{"taxonomy":"product_cat","embeddable":true,"href":"https:\/\/daiphunnuoc.com.vn\/en\/wp-json\/wp\/v2\/product_cat?post=14271"},{"taxonomy":"product_tag","embeddable":true,"href":"https:\/\/daiphunnuoc.com.vn\/en\/wp-json\/wp\/v2\/product_tag?post=14271"}],"curies":[{"name":"wp","href":"https:\/\/api.w.org\/{rel}","templated":true}]}}