{"id":14764,"date":"2019-03-12T09:01:01","date_gmt":"2019-03-12T02:01:01","guid":{"rendered":"https:\/\/daiphunnuoc.com.vn\/san-pham\/uncategorized\/chan-de-den-freestand-light\/"},"modified":"2019-03-12T09:01:01","modified_gmt":"2019-03-12T02:01:01","slug":"chan-de-den-freestand-light","status":"publish","type":"product","link":"https:\/\/daiphunnuoc.com.vn\/en\/san-pham\/fountains-lakes\/illumination\/accessories-illumination\/chan-de-den-freestand-light\/","title":{"rendered":"Ch\u00e2n \u0111\u1ebf \u0111\u00e8n (Freestand Light)"},"content":{"rendered":"<p>Ch\u00e2n gi\u1eef \u0111\u00e8n ph\u00f9 h\u1ee3p v\u1edbi c\u00e1c lo\u1ea1i \u0111\u00e8n :<br \/>\nProfiLux LED 320\/DMX\/02 (50717)<br \/>\nProfiLux LED Spot 1500\/DMX\/02 (56388)<br \/>\nProfiLux LED Flood 1500\/DMX\/02 (56391)<br \/>\nProfiLux LED Spot 2200\/01 (56401)<br \/>\nProfiLux LED Flood 2200\/01 (56402)<br \/>\nProfiLux E 100 (56898)<br \/>\nProfiLux E 101 (56133)<br \/>\nLunAqua 10 Halogen (54037)<br \/>\nProfiLux LED 12V\/01 (50367)<br \/>\nProfiLux LED 24V\/01 (50474)<br \/>\nLunAqua 10 LED\/01 (50366)<\/p>\n<p><strong>B\u1ea3o h\u00e0nh: 2 n\u0103m<\/strong><\/p>\n\n","protected":false},"excerpt":{"rendered":"<p>M\u00e3 s\u1ea3n ph\u1ea9m: 50978<br \/>\nK\u00edch th\u01b0\u1edbc: 149Lx127Wx17H mm<\/p>\n","protected":false},"featured_media":4766,"comment_status":"closed","ping_status":"closed","template":"","meta":[],"product_brand":[],"product_cat":[1346],"product_tag":[2045,2046,2047,2128],"class_list":{"0":"post-14764","1":"product","2":"type-product","3":"status-publish","4":"has-post-thumbnail","6":"product_cat-accessories-illumination","7":"product_tag-den-dai-phun-en","8":"product_tag-den-dau-phun-nuoc-en","9":"product_tag-den-voi-phun-en","10":"product_tag-phu-kien-chieu-sang-en","12":"first","13":"instock","14":"shipping-taxable","15":"product-type-simple"},"_links":{"self":[{"href":"https:\/\/daiphunnuoc.com.vn\/en\/wp-json\/wp\/v2\/product\/14764","targetHints":{"allow":["GET"]}}],"collection":[{"href":"https:\/\/daiphunnuoc.com.vn\/en\/wp-json\/wp\/v2\/product"}],"about":[{"href":"https:\/\/daiphunnuoc.com.vn\/en\/wp-json\/wp\/v2\/types\/product"}],"replies":[{"embeddable":true,"href":"https:\/\/daiphunnuoc.com.vn\/en\/wp-json\/wp\/v2\/comments?post=14764"}],"wp:featuredmedia":[{"embeddable":true,"href":"https:\/\/daiphunnuoc.com.vn\/en\/wp-json\/wp\/v2\/media\/4766"}],"wp:attachment":[{"href":"https:\/\/daiphunnuoc.com.vn\/en\/wp-json\/wp\/v2\/media?parent=14764"}],"wp:term":[{"taxonomy":"product_brand","embeddable":true,"href":"https:\/\/daiphunnuoc.com.vn\/en\/wp-json\/wp\/v2\/product_brand?post=14764"},{"taxonomy":"product_cat","embeddable":true,"href":"https:\/\/daiphunnuoc.com.vn\/en\/wp-json\/wp\/v2\/product_cat?post=14764"},{"taxonomy":"product_tag","embeddable":true,"href":"https:\/\/daiphunnuoc.com.vn\/en\/wp-json\/wp\/v2\/product_tag?post=14764"}],"curies":[{"name":"wp","href":"https:\/\/api.w.org\/{rel}","templated":true}]}}