{"id":15908,"date":"2020-03-09T15:56:04","date_gmt":"2020-03-09T08:56:04","guid":{"rendered":"https:\/\/daiphunnuoc.com.vn\/san-pham\/uncategorized\/filtral-uvc-9000\/"},"modified":"2020-03-09T15:56:04","modified_gmt":"2020-03-09T08:56:04","slug":"filtral-uvc-9000","status":"publish","type":"product","link":"https:\/\/daiphunnuoc.com.vn\/en\/san-pham\/water-gardens\/filters-uvc-aeration\/bo-loc-ho-ca-am-nuoc-en\/filtral-uvc-9000\/","title":{"rendered":"Filtral UVC 9000"},"content":{"rendered":"<p><strong>M\u00f4 t\u1ea3 s\u1ea3n ph\u1ea9m<\/strong><\/p>\n<ul>\n<li style=\"font-weight: 400\"><span style=\"font-weight: 400\">L\u00e0 s\u1ea3n ph\u1ea9m to\u00e0n di\u1ec7n v\u1edbi ch\u1ee9c n\u0103ng l\u1ecdc, phun n\u01b0\u1edbc v\u00e0 s\u1ee5c kh\u00ed.<\/span><\/li>\n<li style=\"font-weight: 400\"><span style=\"font-weight: 400\">B\u1ed9 l\u1ecdc nh\u1ecf g\u1ecdn v\u1edbi c\u00f4ng ngh\u1ec7 UVC v\u00e0 4 ph\u1ee5 ki\u1ec7n l\u1ecdc kh\u00e1c nhau.<\/span><\/li>\n<li style=\"font-weight: 400\"><span style=\"font-weight: 400\">B\u01a1m \u0111\u00e3 \u0111\u01b0\u1ee3c t\u00edch h\u1ee3p s\u1eb5n cho c\u00e1c \u0111\u00e0i phun n\u01b0\u1edbc.<\/span><\/li>\n<li style=\"font-weight: 400\"><span style=\"font-weight: 400\">C\u00f3 th\u1ec3 \u0111i\u1ec1u ch\u1ec9nh chi\u1ec1u cao \u0111\u1ec3 th\u00edch \u1ee9ng v\u1edbi \u0111\u1ed9 s\u00e2u c\u1ee7a n\u01b0\u1edbc.<\/span><\/li>\n<li style=\"font-weight: 400\"><span style=\"font-weight: 400\">\u0110i\u1ec1u ch\u1ec9nh ri\u00eang t\u1ed1c \u0111\u1ed9 d\u00f2ng ch\u1ea3y v\u00e0 chi\u1ec1u cao \u0111\u00e0i phun n\u01b0\u1edbc.<\/span><\/li>\n<li style=\"font-weight: 400\"><span style=\"font-weight: 400\">Ki\u1ec3m tra ch\u1ee9c n\u0103ng c\u1ee7a m\u00e1y l\u00e0m s\u1ea1ch UVC di\u1ec7t t\u1ea3o, r\u00eau v\u00e0 khu\u1ea9n hi\u1ec7u qu\u1ea3.<\/span><\/li>\n<li style=\"font-weight: 400\"><span style=\"font-weight: 400\">\u0110\u01b0\u1ee3c \u0111\u1eb7t ho\u00e0n to\u00e0n d\u01b0\u1edbi n\u01b0\u1edbc m\u00e0 kh\u00f4ng khi\u1ebfn cho kh\u00f4ng gian xung quanh b\u1ecb \u1ea3nh h\u01b0\u1edfng.<\/span><\/li>\n<li style=\"font-weight: 400\"><span style=\"font-weight: 400\">Bao g\u1ed3m 3 m\u1eabu \u0111\u00e0i phun n\u01b0\u1edbc cho b\u1ea1n th\u1ecfa th\u00edch l\u1ef1a ch\u1ecdn.<\/span><\/li>\n<li style=\"font-weight: 400\"><span style=\"font-weight: 400\">Th\u00edch h\u1ee3p cho th\u1ec3 t\u00edch ao l\u00ean t\u1edbi 9.0 m\u00b3.<\/span><\/li>\n<\/ul>\n<p><strong>B\u1ea3o h\u00e0nh :\u00a01\u00a0n\u0103m<\/strong><\/p>\n\n","protected":false},"excerpt":{"rendered":"<p>M\u00e3 s\u1ea3n ph\u1ea9m: <span style=\"font-weight: 400\">75952<\/span><br \/>\nK\u00edch th\u01b0\u1edbc h\u1ed3: 4.5-9 m3<\/p>\n","protected":false},"featured_media":15885,"comment_status":"closed","ping_status":"closed","template":"","meta":[],"product_brand":[],"product_cat":[2025],"product_tag":[1749,2026,2027],"class_list":{"0":"post-15908","1":"product","2":"type-product","3":"status-publish","4":"has-post-thumbnail","6":"product_cat-bo-loc-ho-ca-am-nuoc-en","7":"product_tag-bo-loc-en","8":"product_tag-bo-loc-ho-ca-en","9":"product_tag-filtral-uvc-en","11":"first","12":"instock","13":"shipping-taxable","14":"product-type-simple"},"_links":{"self":[{"href":"https:\/\/daiphunnuoc.com.vn\/en\/wp-json\/wp\/v2\/product\/15908","targetHints":{"allow":["GET"]}}],"collection":[{"href":"https:\/\/daiphunnuoc.com.vn\/en\/wp-json\/wp\/v2\/product"}],"about":[{"href":"https:\/\/daiphunnuoc.com.vn\/en\/wp-json\/wp\/v2\/types\/product"}],"replies":[{"embeddable":true,"href":"https:\/\/daiphunnuoc.com.vn\/en\/wp-json\/wp\/v2\/comments?post=15908"}],"wp:featuredmedia":[{"embeddable":true,"href":"https:\/\/daiphunnuoc.com.vn\/en\/wp-json\/wp\/v2\/media\/15885"}],"wp:attachment":[{"href":"https:\/\/daiphunnuoc.com.vn\/en\/wp-json\/wp\/v2\/media?parent=15908"}],"wp:term":[{"taxonomy":"product_brand","embeddable":true,"href":"https:\/\/daiphunnuoc.com.vn\/en\/wp-json\/wp\/v2\/product_brand?post=15908"},{"taxonomy":"product_cat","embeddable":true,"href":"https:\/\/daiphunnuoc.com.vn\/en\/wp-json\/wp\/v2\/product_cat?post=15908"},{"taxonomy":"product_tag","embeddable":true,"href":"https:\/\/daiphunnuoc.com.vn\/en\/wp-json\/wp\/v2\/product_tag?post=15908"}],"curies":[{"name":"wp","href":"https:\/\/api.w.org\/{rel}","templated":true}]}}